{"id":128,"date":"2023-07-20T13:12:29","date_gmt":"2023-07-20T13:12:29","guid":{"rendered":"https:\/\/wer-kraut-sich.de\/?page_id=128"},"modified":"2023-09-14T09:57:05","modified_gmt":"2023-09-14T09:57:05","slug":"datenschutzerklaerung","status":"publish","type":"page","link":"https:\/\/wer-kraut-sich.de\/?page_id=128","title":{"rendered":"Datenschutzerkl\u00e4rung"},"content":{"rendered":"<h2 class=\"wp-block-heading\">Wer wir sind<\/h2>\r\n\r\n<p>Die Adresse unserer Website ist: https:\/\/wer-kraut-sich.de.<br \/>Mar\u00e9n Schiller <br \/>maren.schiller84@gmail.com<\/p>\r\n\r\n\r\n\r\n<h2 class=\"wp-block-heading\">Eingebettete Inhalte von anderen Websites<\/h2>\r\n\r\n\r\n\r\n<p>Beitr\u00e4ge auf dieser Website k\u00f6nnen eingebettete Inhalte beinhalten (z.\u00a0B. Videos, Bilder, Beitr\u00e4ge etc.). Eingebettete Inhalte von anderen Websites verhalten sich exakt so, als ob der Besucher die andere Website besucht h\u00e4tte.<\/p>\r\n\r\n\r\n\r\n<p>Diese Websites k\u00f6nnen Daten \u00fcber dich sammeln, Cookies benutzen, zus\u00e4tzliche Tracking-Dienste von Dritten einbetten und deine Interaktion mit diesem eingebetteten Inhalt aufzeichnen, inklusive deiner Interaktion mit dem eingebetteten Inhalt, falls du ein Konto hast und auf dieser Website angemeldet bist.<\/p>\r\n\r\n<p>Welche personenbezogenen Daten wir sammeln und warum wir sie sammeln <br \/>Standardm\u00e4\u00dfig sammelt WordPress keine personenbezogenen Daten \u00fcber Benutzer und sammelt nur die Daten, die im Profil eines registrierten Benutzers angezeigt werden. <br \/>Der Webserver verarbeitet IP-Addressen, dies ist technisch notwendig.<\/p>\r\n<p>Cookies <br \/>In diesem Unterabschnitt solltest du die Cookies auflisten, die deine Website benutzt, inklusive solcher, die deine Plugins, soziale Medien und Analysedienste setzen. Wir haben die Cookies angegeben, die WordPress standardm\u00e4\u00dfig installiert.<\/p>\r\n<p>Mit wem wir deine Daten teilen Standardm\u00e4\u00dfig teilt<br \/>WordPress keinerlei personenbezogene Daten mit Dritten.<\/p>\r\n<p>Wie lange wir deine Daten speichern <br \/>Es werden von uns keine Daten gespeichert.<\/p>\r\n<p>Kontaktinformationen <\/p>\r\n<p>Mar\u00e9n Schiller<br \/>maren.schiller84@gmail.com<br \/>Torfhaus 17<br \/>15344 Strausberg<\/p>","protected":false},"excerpt":{"rendered":"<p>Wer wir sind Die Adresse unserer Website ist: https:\/\/wer-kraut-sich.de.Mar\u00e9n Schiller maren.schiller84@gmail.com Eingebettete Inhalte von anderen Websites Beitr\u00e4ge auf dieser Website k\u00f6nnen eingebettete Inhalte beinhalten (z.\u00a0B. Videos, Bilder, Beitr\u00e4ge etc.). Eingebettete Inhalte von anderen Websites verhalten sich exakt so, als ob der Besucher die andere Website besucht h\u00e4tte. Diese Websites k\u00f6nnen Daten \u00fcber dich sammeln, Cookies [&hellip;]<\/p>\n","protected":false},"author":1,"featured_media":0,"parent":0,"menu_order":0,"comment_status":"closed","ping_status":"closed","template":"","meta":[],"_links":{"self":[{"href":"https:\/\/wer-kraut-sich.de\/index.php?rest_route=\/wp\/v2\/pages\/128"}],"collection":[{"href":"https:\/\/wer-kraut-sich.de\/index.php?rest_route=\/wp\/v2\/pages"}],"about":[{"href":"https:\/\/wer-kraut-sich.de\/index.php?rest_route=\/wp\/v2\/types\/page"}],"author":[{"embeddable":true,"href":"https:\/\/wer-kraut-sich.de\/index.php?rest_route=\/wp\/v2\/users\/1"}],"replies":[{"embeddable":true,"href":"https:\/\/wer-kraut-sich.de\/index.php?rest_route=%2Fwp%2Fv2%2Fcomments&post=128"}],"version-history":[{"count":5,"href":"https:\/\/wer-kraut-sich.de\/index.php?rest_route=\/wp\/v2\/pages\/128\/revisions"}],"predecessor-version":[{"id":201,"href":"https:\/\/wer-kraut-sich.de\/index.php?rest_route=\/wp\/v2\/pages\/128\/revisions\/201"}],"wp:attachment":[{"href":"https:\/\/wer-kraut-sich.de\/index.php?rest_route=%2Fwp%2Fv2%2Fmedia&parent=128"}],"curies":[{"name":"wp","href":"https:\/\/api.w.org\/{rel}","templated":true}]}}