{"id":27,"date":"2023-05-29T11:17:26","date_gmt":"2023-05-29T11:17:26","guid":{"rendered":"https:\/\/wer-kraut-sich.de\/?page_id=27"},"modified":"2023-11-14T16:25:17","modified_gmt":"2023-11-14T16:25:17","slug":"projekte","status":"publish","type":"page","link":"https:\/\/wer-kraut-sich.de\/?page_id=27","title":{"rendered":"Projekte"},"content":{"rendered":"<p>Sie planen mit Ihrer Schulklasse, Hort- oder Kitagruppe einen oder mehrere naturp\u00e4dagogische Projekttage?<br \/>\nOder m\u00f6chten Sie eine Feuerprojektwoche durchf\u00fchren, in der die Kinder lernen, sicher und kompetent Feuer zu machen?<\/p>\n<p>F\u00fcr Feuerprojekte siehe: <a href=\"https:\/\/wer-kraut-sich.de\/?p=24\">Link<\/a><br \/>\nF\u00fcr Naturprojekte siehe: <a href=\"https:\/\/wer-kraut-sich.de\/?p=29\">Link<\/a><\/p>\n","protected":false},"excerpt":{"rendered":"<p>Sie planen mit Ihrer Schulklasse, Hort- oder Kitagruppe einen oder mehrere naturp\u00e4dagogische Projekttage? Oder m\u00f6chten Sie eine Feuerprojektwoche durchf\u00fchren, in der die Kinder lernen, sicher und kompetent Feuer zu machen? F\u00fcr Feuerprojekte siehe: Link F\u00fcr Naturprojekte siehe: Link<\/p>\n","protected":false},"author":1,"featured_media":0,"parent":0,"menu_order":0,"comment_status":"closed","ping_status":"closed","template":"","meta":[],"_links":{"self":[{"href":"https:\/\/wer-kraut-sich.de\/index.php?rest_route=\/wp\/v2\/pages\/27"}],"collection":[{"href":"https:\/\/wer-kraut-sich.de\/index.php?rest_route=\/wp\/v2\/pages"}],"about":[{"href":"https:\/\/wer-kraut-sich.de\/index.php?rest_route=\/wp\/v2\/types\/page"}],"author":[{"embeddable":true,"href":"https:\/\/wer-kraut-sich.de\/index.php?rest_route=\/wp\/v2\/users\/1"}],"replies":[{"embeddable":true,"href":"https:\/\/wer-kraut-sich.de\/index.php?rest_route=%2Fwp%2Fv2%2Fcomments&post=27"}],"version-history":[{"count":6,"href":"https:\/\/wer-kraut-sich.de\/index.php?rest_route=\/wp\/v2\/pages\/27\/revisions"}],"predecessor-version":[{"id":218,"href":"https:\/\/wer-kraut-sich.de\/index.php?rest_route=\/wp\/v2\/pages\/27\/revisions\/218"}],"wp:attachment":[{"href":"https:\/\/wer-kraut-sich.de\/index.php?rest_route=%2Fwp%2Fv2%2Fmedia&parent=27"}],"curies":[{"name":"wp","href":"https:\/\/api.w.org\/{rel}","templated":true}]}}