{"id":8,"date":"2023-05-29T10:58:49","date_gmt":"2023-05-29T10:58:49","guid":{"rendered":"https:\/\/wer-kraut-sich.de\/?page_id=8"},"modified":"2023-09-14T09:30:44","modified_gmt":"2023-09-14T09:30:44","slug":"feuer-und-naturprojekte","status":"publish","type":"page","link":"https:\/\/wer-kraut-sich.de\/","title":{"rendered":"Feuer- und Naturprojekte"},"content":{"rendered":"<p><img decoding=\"async\" loading=\"lazy\" class=\"size-large wp-image-162 alignnone\" src=\"https:\/\/wer-kraut-sich.de\/wp-content\/uploads\/2023\/09\/DSC_4370_w-1024x681.jpg\" alt=\"\" width=\"580\" height=\"386\" srcset=\"https:\/\/wer-kraut-sich.de\/wp-content\/uploads\/2023\/09\/DSC_4370_w-1024x681.jpg 1024w, https:\/\/wer-kraut-sich.de\/wp-content\/uploads\/2023\/09\/DSC_4370_w-300x200.jpg 300w, https:\/\/wer-kraut-sich.de\/wp-content\/uploads\/2023\/09\/DSC_4370_w-768x511.jpg 768w, https:\/\/wer-kraut-sich.de\/wp-content\/uploads\/2023\/09\/DSC_4370_w-1536x1022.jpg 1536w, https:\/\/wer-kraut-sich.de\/wp-content\/uploads\/2023\/09\/DSC_4370_w-1200x799.jpg 1200w, https:\/\/wer-kraut-sich.de\/wp-content\/uploads\/2023\/09\/DSC_4370_w-1980x1318.jpg 1980w, https:\/\/wer-kraut-sich.de\/wp-content\/uploads\/2023\/09\/DSC_4370_w.jpg 2000w\" sizes=\"(max-width: 580px) 100vw, 580px\" \/><img decoding=\"async\" class=\"alignleft\" src=\"https:\/\/wer-kraut-sich.de\/wp-content\/uploads\/2023\/05\/IMG_20190406_134418-768x1024.jpg\" alt=\"Spruch Wildnis n\u00e4hrt unsere Seele\" \/><br \/>\nHi ich bin Mar\u00e9n,<\/p>\n<p>Meine Liebe geh\u00f6rt der Natur, dem Wald, den Pflanzen und den Tieren. Und den Kindern. Ich finde es wichtiger denn je in Zeiten von Digitalisierung und Technisierung die Natur f\u00fcr Kinder wieder greifbar zu machen. Wildkr\u00e4uter sammeln und zubereiten, Feuer machen, \u00fcber dem Feuer kochen, kleine Heilmittel selbst herstellen, die Wunder und die Sch\u00f6nheit der Natur mit allen Sinnen erleben und sp\u00fcren. Das sind Erfahrungen, die mich selbst zur\u00fcck zu mir und meinen Wurzeln gebracht haben und die ich gerne teilen m\u00f6chte.<\/p>\n<p>In meiner langj\u00e4hrigen T\u00e4tigkeit als Sozialp\u00e4dagogin in der Jugendhilfe habe ich festgestellt, wie stark die Entfremdung und gleichzeitig auch die Faszination von Kindern und den nat\u00fcrlichen Elementen ist. Das hat das Herzensanliegen in mir geweckt Kinder und Natur wieder zu zusammenzubringen und die Natur als wundervollen Lern- und Lebensraum mit Kindern und Jugendlichen gemeinsam zu erfahren. Sinnliche Begeisterung, Neugierde und Kreativit\u00e4t, Lebhaftigkeit und Verbundenheit in nat\u00fcrlichen Lebensumfeldern sind Erfahrungen, die ich gerne erm\u00f6glichen und teilen m\u00f6chte.<\/p>\n<p>Ich habe sehr viel Erfahrung in sozialer Gruppenarbeit mit Kindern aus unterschiedlichen Lebensumfeldern, habe viele naturp\u00e4dagogische Ferienfahrten und Projekte geleitet und habe ein gro\u00dfes Herz f\u00fcr Kinder. Ich hole auch Kinder, deren Erfahrungen mit Natur und Wildnis eher gering oder gehemmt sind auf Augenh\u00f6he und wertsch\u00e4tzend da ab, wo sie stehen. Mir ist es wichtig nicht zu lehren und Monologe zu halten, sondern Begeisterung zu entfachen, die Kinder zum sinnlichen Tun anzuregen und das Vertrauen in sich und das Leben zu st\u00e4rken. Ich habe neben meinem Studium der Sonderp\u00e4dagogik diverse Zusatzausbildungen u.a. zur Naturp\u00e4dagogin, Pflanzenp\u00e4dagogin, Feuerp\u00e4dagogin und bin derzeit prozessorientierte Naturtherapeutin in Ausbildung<\/p>\n","protected":false},"excerpt":{"rendered":"<p>Hi ich bin Mar\u00e9n, Meine Liebe geh\u00f6rt der Natur, dem Wald, den Pflanzen und den Tieren. Und den Kindern. Ich finde es wichtiger denn je in Zeiten von Digitalisierung und Technisierung die Natur f\u00fcr Kinder wieder greifbar zu machen. Wildkr\u00e4uter sammeln und zubereiten, Feuer machen, \u00fcber dem Feuer kochen, kleine Heilmittel selbst herstellen, die Wunder [&hellip;]<\/p>\n","protected":false},"author":1,"featured_media":0,"parent":0,"menu_order":0,"comment_status":"closed","ping_status":"closed","template":"templates\/template-full-width.php","meta":[],"_links":{"self":[{"href":"https:\/\/wer-kraut-sich.de\/index.php?rest_route=\/wp\/v2\/pages\/8"}],"collection":[{"href":"https:\/\/wer-kraut-sich.de\/index.php?rest_route=\/wp\/v2\/pages"}],"about":[{"href":"https:\/\/wer-kraut-sich.de\/index.php?rest_route=\/wp\/v2\/types\/page"}],"author":[{"embeddable":true,"href":"https:\/\/wer-kraut-sich.de\/index.php?rest_route=\/wp\/v2\/users\/1"}],"replies":[{"embeddable":true,"href":"https:\/\/wer-kraut-sich.de\/index.php?rest_route=%2Fwp%2Fv2%2Fcomments&post=8"}],"version-history":[{"count":18,"href":"https:\/\/wer-kraut-sich.de\/index.php?rest_route=\/wp\/v2\/pages\/8\/revisions"}],"predecessor-version":[{"id":194,"href":"https:\/\/wer-kraut-sich.de\/index.php?rest_route=\/wp\/v2\/pages\/8\/revisions\/194"}],"wp:attachment":[{"href":"https:\/\/wer-kraut-sich.de\/index.php?rest_route=%2Fwp%2Fv2%2Fmedia&parent=8"}],"curies":[{"name":"wp","href":"https:\/\/api.w.org\/{rel}","templated":true}]}}